{"id":3006,"date":"2022-04-11T16:04:25","date_gmt":"2022-04-11T14:04:25","guid":{"rendered":"https:\/\/wwtec-solutions.de\/container-loading\/special-solutions\/"},"modified":"2026-02-13T12:07:14","modified_gmt":"2026-02-13T11:07:14","slug":"special-solutions","status":"publish","type":"page","link":"https:\/\/wwtec-solutions.de\/en\/solutions\/special-solutions\/","title":{"rendered":"Custom solutions"},"content":{"rendered":"\n<style type=\"text\/css\" data-created_by=\"avia_inline_auto\" id=\"style-css-av-l1ur9n64-e373a1e159c118cf28d3a2b68af42ef0\">\n.avia-section.av-l1ur9n64-e373a1e159c118cf28d3a2b68af42ef0{\nbackground-repeat:no-repeat;\nbackground-image:url(https:\/\/wwtec-solutions.de\/wp-content\/uploads\/2022\/02\/Referenzen-Header-AdobeStock_237212034.jpg);\nbackground-position:50% 50%;\nbackground-attachment:scroll;\n}\n<\/style>\n<div id='av_section_1'  class='avia-section av-l1ur9n64-e373a1e159c118cf28d3a2b68af42ef0 main_color avia-section-default avia-no-border-styling  avia-builder-el-0  el_before_av_one_full  avia-builder-el-first  avia-full-stretch avia-bg-style-scroll av-minimum-height av-minimum-height-custom av-height-custom  container_wrap fullsize'  data-section-bg-repeat='stretch' data-av_minimum_height_px='400'><div class='container av-section-cont-open' style='height:400px'><main  role=\"main\" itemprop=\"mainContentOfPage\"  class='template-page content  av-content-full alpha units'><div class='post-entry post-entry-type-page post-entry-3006'><div class='entry-content-wrapper clearfix'>\n\n<style type=\"text\/css\" data-created_by=\"avia_inline_auto\" id=\"style-css-av-l1ur9b7z-ec21dca09cb2525e4f73d583224f9751\">\n#top .av-special-heading.av-l1ur9b7z-ec21dca09cb2525e4f73d583224f9751{\npadding-bottom:10px;\n}\nbody .av-special-heading.av-l1ur9b7z-ec21dca09cb2525e4f73d583224f9751 .av-special-heading-tag .heading-char{\nfont-size:25px;\n}\n#top #wrap_all .av-special-heading.av-l1ur9b7z-ec21dca09cb2525e4f73d583224f9751 .av-special-heading-tag{\npadding:10px 20px 10px 20px;\n}\n.av-special-heading.av-l1ur9b7z-ec21dca09cb2525e4f73d583224f9751 .av-subheading{\nfont-size:15px;\n}\n<\/style>\n<div  class='av-special-heading av-l1ur9b7z-ec21dca09cb2525e4f73d583224f9751 av-special-heading-h1 blockquote modern-quote modern-centered  avia-builder-el-1  avia-builder-el-no-sibling  wwtec-heading'><h1 class='av-special-heading-tag '  itemprop=\"headline\"  >Custom solutions<\/h1><div class=\"special-heading-border\"><div class=\"special-heading-inner-border\"><\/div><\/div><\/div>\n<\/div><\/div><\/main><!-- close content main element --><\/div><\/div><div id='after_section_1'  class='main_color av_default_container_wrap container_wrap fullsize'  ><div class='container av-section-cont-open' ><div class='template-page content  av-content-full alpha units'><div class='post-entry post-entry-type-page post-entry-3006'><div class='entry-content-wrapper clearfix'>\n\n<style type=\"text\/css\" data-created_by=\"avia_inline_auto\" id=\"style-css-av-l1usghsd-c21de38419b171321e66452e99c47c3f\">\n#top .flex_column.av-l1usghsd-c21de38419b171321e66452e99c47c3f{\nmargin-top:-100px;\nmargin-bottom:0px;\n}\n.flex_column.av-l1usghsd-c21de38419b171321e66452e99c47c3f{\npadding:100px 40px 130px 40px;\nbackground-color:#ffffff;\n}\n.flex_column.av-l1usghsd-c21de38419b171321e66452e99c47c3f .avia-divider-svg-bottom svg{\nheight:100px;\nfill:#f7f7f7;\n}\n.responsive #top #wrap_all .flex_column.av-l1usghsd-c21de38419b171321e66452e99c47c3f{\nmargin-top:-100px;\nmargin-bottom:0px;\n}\n<\/style>\n<div  class='flex_column av-l1usghsd-c21de38419b171321e66452e99c47c3f av_one_full  avia-builder-el-2  el_after_av_section  el_before_av_one_full  avia-builder-el-first  first flex_column_div  '     ><div class='avia-divider-svg avia-divider-svg-tilt avia-divider-svg-bottom avia-flipped-svg avia-svg-original'><svg xmlns=\"http:\/\/www.w3.org\/2000\/svg\" viewBox=\"0 0 1000 100\" preserveAspectRatio=\"none\">\n\t<path d=\"M0,6V0h1000v100L0,6z\"\/>\n<\/svg><\/div><p>\n<style type=\"text\/css\" data-created_by=\"avia_inline_auto\" id=\"style-css-av-45xfpl-c0bd658e9bfee67f9b84f5875de5a80b\">\n#top .av-special-heading.av-45xfpl-c0bd658e9bfee67f9b84f5875de5a80b{\npadding-bottom:10px;\n}\nbody .av-special-heading.av-45xfpl-c0bd658e9bfee67f9b84f5875de5a80b .av-special-heading-tag .heading-char{\nfont-size:25px;\n}\n.av-special-heading.av-45xfpl-c0bd658e9bfee67f9b84f5875de5a80b .av-subheading{\nfont-size:15px;\n}\n<\/style>\n<div  class='av-special-heading av-45xfpl-c0bd658e9bfee67f9b84f5875de5a80b av-special-heading-h2 blockquote modern-quote  avia-builder-el-3  el_before_av_font_icon  avia-builder-el-first '><h2 class='av-special-heading-tag '  itemprop=\"headline\"  >Your challenges. Our solutions.<\/h2><div class=\"special-heading-border\"><div class=\"special-heading-inner-border\"><\/div><\/div><\/div><br \/>\n\n<style type=\"text\/css\" data-created_by=\"avia_inline_auto\" id=\"style-css-av-2mywux-4b82f7840f860c58621c914ad7322f94\">\n.av_font_icon.av-2mywux-4b82f7840f860c58621c914ad7322f94{\ncolor:#3b72a8;\nborder-color:#3b72a8;\n}\n.avia-svg-icon.av-2mywux-4b82f7840f860c58621c914ad7322f94 svg:first-child{\nstroke:#3b72a8;\nfill:#3b72a8;\n}\n.av_font_icon.av-2mywux-4b82f7840f860c58621c914ad7322f94 .av-icon-char{\nfont-size:20px;\nline-height:20px;\n}\n<\/style>\n<span  class='av_font_icon av-2mywux-4b82f7840f860c58621c914ad7322f94 avia_animate_when_visible av-icon-style- avia-icon-pos-left avia-iconfont avia-font-entypo-fontello avia-icon-animate'><span class='av-icon-char' data-av_icon='\ue8bf' data-av_iconfont='entypo-fontello' aria-hidden=\"true\" ><\/span><\/span><\/p><\/div>\n<style type=\"text\/css\" data-created_by=\"avia_inline_auto\" id=\"style-css-av-l1usi3gv-932f497a0ecc0aad30bcfb86c03c0c24\">\n#top .flex_column.av-l1usi3gv-932f497a0ecc0aad30bcfb86c03c0c24{\nmargin-top:0px;\nmargin-bottom:0px;\n}\n.flex_column.av-l1usi3gv-932f497a0ecc0aad30bcfb86c03c0c24{\npadding:50px 40px 0 40px;\nbackground-color:#f7f7f7;\n}\n.responsive #top #wrap_all .flex_column.av-l1usi3gv-932f497a0ecc0aad30bcfb86c03c0c24{\nmargin-top:0px;\nmargin-bottom:0px;\n}\n<\/style>\n<div  class='flex_column av-l1usi3gv-932f497a0ecc0aad30bcfb86c03c0c24 av_one_full  avia-builder-el-5  el_after_av_one_full  el_before_av_one_half  first flex_column_div  column-top-margin'     ><style type=\"text\/css\" data-created_by=\"avia_inline_auto\" id=\"style-css-av-l1usigr5-ad9a57029c3d9a1786e3c28e93554e29\">\n#top .av-special-heading.av-l1usigr5-ad9a57029c3d9a1786e3c28e93554e29{\nmargin:0px 0 0px 0;\npadding-bottom:10px;\n}\nbody .av-special-heading.av-l1usigr5-ad9a57029c3d9a1786e3c28e93554e29 .av-special-heading-tag .heading-char{\nfont-size:25px;\n}\n.av-special-heading.av-l1usigr5-ad9a57029c3d9a1786e3c28e93554e29 .av-subheading{\nfont-size:20px;\n}\n<\/style>\n<div  class='av-special-heading av-l1usigr5-ad9a57029c3d9a1786e3c28e93554e29 av-special-heading-h3 blockquote modern-quote  avia-builder-el-6  avia-builder-el-no-sibling '><h3 class='av-special-heading-tag '  itemprop=\"headline\"  >Every customer comes with a new task and every project brings new challenges. <\/h3><div class=\"special-heading-border\"><div class=\"special-heading-inner-border\"><\/div><\/div><\/div><\/div><\/p>\n<div class='flex_column_table av-l1usj2v4-3f4d4387668d9a7088b565f775fa97cd sc-av_one_half av-equal-height-column-flextable'>\n<style type=\"text\/css\" data-created_by=\"avia_inline_auto\" id=\"style-css-av-l1usj2v4-3f4d4387668d9a7088b565f775fa97cd\">\n#top .flex_column_table.av-equal-height-column-flextable.av-l1usj2v4-3f4d4387668d9a7088b565f775fa97cd{\nmargin-top:0px;\nmargin-bottom:0px;\n}\n.flex_column.av-l1usj2v4-3f4d4387668d9a7088b565f775fa97cd{\npadding:50px 40px 50px 40px;\nbackground-color:#f7f7f7;\n}\n<\/style>\n<div  class='flex_column av-l1usj2v4-3f4d4387668d9a7088b565f775fa97cd av_one_half  avia-builder-el-7  el_after_av_one_full  el_before_av_one_half  first no_margin flex_column_table_cell av-equal-height-column av-align-top  column-top-margin'     ><section  class='av_textblock_section av-l1usjf3t-2aae9ad502da81dcd3810a6ebe887139 '   itemscope=\"itemscope\" itemtype=\"https:\/\/schema.org\/CreativeWork\" ><div class='avia_textblock'  itemprop=\"text\" ><p>Das auf unserer Webseite angebotene Produkt- und Dienstleistungsportfolio dient lediglich als Orientierung, um zu zeigen was wir f\u00fcr Sie leisten k\u00f6nnen. Sollten die von uns pr\u00e4sentierten Angebote nicht genau auf Ihr Anforderungsprofil passen, z\u00f6gern Sie nicht uns zu kontaktieren. Wir sind es gewohnt jedem Kunden eine ma\u00dfgeschneiderte L\u00f6sung anzubieten.<\/p>\n<\/div><\/section><\/div>\n\n<style type=\"text\/css\" data-created_by=\"avia_inline_auto\" id=\"style-css-av-32ura1-eed530fb0ce5151895de2d171b02a8fa\">\n#top .flex_column_table.av-equal-height-column-flextable.av-32ura1-eed530fb0ce5151895de2d171b02a8fa{\nmargin-top:0px;\nmargin-bottom:0px;\n}\n.flex_column.av-32ura1-eed530fb0ce5151895de2d171b02a8fa{\npadding:50px 40px 50px 40px;\nbackground-color:#f7f7f7;\n}\n<\/style>\n<div  class='flex_column av-32ura1-eed530fb0ce5151895de2d171b02a8fa av_one_half  avia-builder-el-9  el_after_av_one_half  el_before_av_one_full  no_margin flex_column_table_cell av-equal-height-column av-align-top  column-top-margin'     ><section  class='av_textblock_section av-l1usjnfe-0420bbe464abcaf6be73a24076d96097 '   itemscope=\"itemscope\" itemtype=\"https:\/\/schema.org\/CreativeWork\" ><div class='avia_textblock'  itemprop=\"text\" ><p>Der gr\u00f6\u00dfte Wert unseres Unternehmens sind nicht unsere Maschinen und Anlagen, sondern das Know-How in den K\u00f6pfen unserer Ingenieure, Programmierer und Anwendungstechniker. Gerne erarbeiten wir gemeinsam mit Ihnen eine L\u00f6sung f\u00fcr Ihre Herausforderung.<\/p>\n<\/div><\/section><\/div><\/div><!--close column table wrapper. Autoclose: 1 -->\n\n<style type=\"text\/css\" data-created_by=\"avia_inline_auto\" id=\"style-css-av-dvwo8p-28527f2760e5d2420c173551fe43470c\">\n#top .flex_column.av-dvwo8p-28527f2760e5d2420c173551fe43470c{\nmargin-top:0;\nmargin-bottom:0px;\n}\n.flex_column.av-dvwo8p-28527f2760e5d2420c173551fe43470c{\npadding:70px 40px 130px 40px;\nbackground-color:#ffffff;\n}\n.flex_column.av-dvwo8p-28527f2760e5d2420c173551fe43470c .avia-divider-svg-top svg{\nheight:50px;\nfill:#f7f7f7;\n}\n.flex_column.av-dvwo8p-28527f2760e5d2420c173551fe43470c .avia-divider-svg-bottom svg{\nheight:100px;\nfill:#f7f7f7;\n}\n.responsive #top #wrap_all .flex_column.av-dvwo8p-28527f2760e5d2420c173551fe43470c{\nmargin-top:0;\nmargin-bottom:0px;\n}\n<\/style>\n<div  class='flex_column av-dvwo8p-28527f2760e5d2420c173551fe43470c av_one_full  avia-builder-el-11  el_after_av_one_half  el_before_av_one_full  first flex_column_div  column-top-margin'     ><div class='avia-divider-svg avia-divider-svg-tilt avia-divider-svg-top avia-flipped-svg avia-to-front avia-svg-original'><svg xmlns=\"http:\/\/www.w3.org\/2000\/svg\" viewBox=\"0 0 1000 100\" preserveAspectRatio=\"none\">\n\t<path d=\"M0,6V0h1000v100L0,6z\"\/>\n<\/svg><\/div><div class='avia-divider-svg avia-divider-svg-tilt avia-divider-svg-bottom avia-flipped-svg avia-svg-original'><svg xmlns=\"http:\/\/www.w3.org\/2000\/svg\" viewBox=\"0 0 1000 100\" preserveAspectRatio=\"none\">\n\t<path d=\"M0,6V0h1000v100L0,6z\"\/>\n<\/svg><\/div><p>\n<style type=\"text\/css\" data-created_by=\"avia_inline_auto\" id=\"style-css-av-l1urgndl-f39a393cd20890e9d1c5395c08fe8f0f\">\n#top .av-special-heading.av-l1urgndl-f39a393cd20890e9d1c5395c08fe8f0f{\nmargin:50px 0 0px 0;\npadding-bottom:10px;\n}\nbody .av-special-heading.av-l1urgndl-f39a393cd20890e9d1c5395c08fe8f0f .av-special-heading-tag .heading-char{\nfont-size:25px;\n}\n.av-special-heading.av-l1urgndl-f39a393cd20890e9d1c5395c08fe8f0f .av-subheading{\nfont-size:20px;\n}\n<\/style>\n<div  class='av-special-heading av-l1urgndl-f39a393cd20890e9d1c5395c08fe8f0f av-special-heading-h3 blockquote modern-quote  avia-builder-el-12  el_before_av_heading  avia-builder-el-first '><h3 class='av-special-heading-tag '  itemprop=\"headline\"  >Project examples<\/h3><div class=\"special-heading-border\"><div class=\"special-heading-inner-border\"><\/div><\/div><\/div><br \/>\n\n<style type=\"text\/css\" data-created_by=\"avia_inline_auto\" id=\"style-css-av-l1us2bpt-7ce6344a383bdfb36dc8ac4764c23d62\">\n#top .av-special-heading.av-l1us2bpt-7ce6344a383bdfb36dc8ac4764c23d62{\nmargin:50px 0 50px 0;\npadding-bottom:10px;\n}\nbody .av-special-heading.av-l1us2bpt-7ce6344a383bdfb36dc8ac4764c23d62 .av-special-heading-tag .heading-char{\nfont-size:25px;\n}\n.av-special-heading.av-l1us2bpt-7ce6344a383bdfb36dc8ac4764c23d62 .av-subheading{\nfont-size:20px;\n}\n<\/style>\n<div  class='av-special-heading av-l1us2bpt-7ce6344a383bdfb36dc8ac4764c23d62 av-special-heading-h3 blockquote modern-quote  avia-builder-el-13  el_after_av_heading  el_before_av_textblock '><h3 class='av-special-heading-tag '  itemprop=\"headline\"  >Unloading recycling flakes from special containers<\/h3><div class=\"special-heading-border\"><div class=\"special-heading-inner-border\"><\/div><\/div><\/div><br \/>\n<section  class='av_textblock_section av-l1urhujk-6407bb2c55cfcd342bb9546de6b1eda5 '   itemscope=\"itemscope\" itemtype=\"https:\/\/schema.org\/CreativeWork\" ><div class='avia_textblock yt'  itemprop=\"text\" ><div id=\"attachment_4824\" style=\"width: 760px\" class=\"wp-caption alignleft\"><a href=\"https:\/\/www.youtube.com\/watch?v=qmGqtViyVgs\" target=\"_blank\" rel=\"noopener\"><img loading=\"lazy\" decoding=\"async\" aria-describedby=\"caption-attachment-4824\" class=\"wp-image-4824\" src=\"https:\/\/wwtec-solutions.de\/wp-content\/uploads\/2026\/01\/CQF-YouTube-1030x580.png\" alt=\"\" width=\"750\" height=\"423\" srcset=\"https:\/\/wwtec-solutions.de\/wp-content\/uploads\/2026\/01\/CQF-YouTube-1030x580.png 1030w, https:\/\/wwtec-solutions.de\/wp-content\/uploads\/2026\/01\/CQF-YouTube-300x169.png 300w, https:\/\/wwtec-solutions.de\/wp-content\/uploads\/2026\/01\/CQF-YouTube-768x432.png 768w, https:\/\/wwtec-solutions.de\/wp-content\/uploads\/2026\/01\/CQF-YouTube-705x397.png 705w, https:\/\/wwtec-solutions.de\/wp-content\/uploads\/2026\/01\/CQF-YouTube.png 1338w\" sizes=\"auto, (max-width: 750px) 100vw, 750px\" \/><\/a><p id=\"caption-attachment-4824\" class=\"wp-caption-text\"><a href=\"https:\/\/www.youtube.com\/watch?v=qmGqtViyVgs\">Video bei YouTube<\/a> (beim Aufruf werden Tracking Cookies gesetzt, siehe <a href=\"https:\/\/wwtec-solutions.de\/en\/privacy-policy\/\">Datenschutzerkl\u00e4rung<\/a>)<\/p><\/div>\n<p style=\"text-align: left;\">Unser bew\u00e4hrtes CQF zur Entladung von kompaktierenden Sch\u00fcttg\u00fctern aus Seecontainern. Eingebaut in eine station\u00e4re Containerentladestation und angebracht an einem manuellen Handhabungsger\u00e4t.<\/p>\n<p style=\"text-align: left;\">Zus\u00e4tzlich haben wir das CQF mit einem Klappen\u00f6ffnungsmechanismus ausgestattet, um die Sondercontainer des Kunden automatisiert zu entladen.<\/p>\n<\/div><\/section><\/p><\/div>\n\n<style type=\"text\/css\" data-created_by=\"avia_inline_auto\" id=\"style-css-av-4e2fjt-41b5eb8ed245a670164a10d51fede1ee\">\n#top .flex_column.av-4e2fjt-41b5eb8ed245a670164a10d51fede1ee{\nmargin-top:-100px;\nmargin-bottom:0px;\n}\n.flex_column.av-4e2fjt-41b5eb8ed245a670164a10d51fede1ee{\npadding:100px 40px 130px 40px;\nbackground-color:#ffffff;\n}\n.flex_column.av-4e2fjt-41b5eb8ed245a670164a10d51fede1ee .avia-divider-svg-bottom svg{\nheight:100px;\nfill:#f7f7f7;\n}\n.responsive #top #wrap_all .flex_column.av-4e2fjt-41b5eb8ed245a670164a10d51fede1ee{\nmargin-top:-100px;\nmargin-bottom:0px;\n}\n<\/style>\n<div  class='flex_column av-4e2fjt-41b5eb8ed245a670164a10d51fede1ee av_one_full  avia-builder-el-15  el_after_av_one_full  el_before_av_one_full  first flex_column_div  column-top-margin'     ><div class='avia-divider-svg avia-divider-svg-tilt avia-divider-svg-bottom avia-flipped-svg avia-svg-original'><svg xmlns=\"http:\/\/www.w3.org\/2000\/svg\" viewBox=\"0 0 1000 100\" preserveAspectRatio=\"none\">\n\t<path d=\"M0,6V0h1000v100L0,6z\"\/>\n<\/svg><\/div><p>\n<style type=\"text\/css\" data-created_by=\"avia_inline_auto\" id=\"style-css-av-mk88nmgw-e78cc39079471096799e83720d89a5c1\">\n#top .av-special-heading.av-mk88nmgw-e78cc39079471096799e83720d89a5c1{\nmargin:50px 0 50px 0;\npadding-bottom:10px;\n}\nbody .av-special-heading.av-mk88nmgw-e78cc39079471096799e83720d89a5c1 .av-special-heading-tag .heading-char{\nfont-size:25px;\n}\n.av-special-heading.av-mk88nmgw-e78cc39079471096799e83720d89a5c1 .av-subheading{\nfont-size:20px;\n}\n<\/style>\n<div  class='av-special-heading av-mk88nmgw-e78cc39079471096799e83720d89a5c1 av-special-heading-h3 blockquote modern-quote  avia-builder-el-16  el_before_av_textblock  avia-builder-el-first '><h3 class='av-special-heading-tag '  itemprop=\"headline\"  >Loading explosive powder with nitrogen in the circuit<\/h3><div class=\"special-heading-border\"><div class=\"special-heading-inner-border\"><\/div><\/div><\/div><br \/>\n<section  class='av_textblock_section av-mk88n1vx-a6f227097e537c0e3345d13ac280f0cb '   itemscope=\"itemscope\" itemtype=\"https:\/\/schema.org\/CreativeWork\" ><div class='avia_textblock yt'  itemprop=\"text\" ><div id=\"attachment_4821\" style=\"width: 760px\" class=\"wp-caption alignleft\"><a href=\"https:\/\/www.youtube.com\/watch?v=AZ941O-ZzLc?si=0ITrOiwBfDoAXxqY\" target=\"_blank\" rel=\"noopener\"><img loading=\"lazy\" decoding=\"async\" aria-describedby=\"caption-attachment-4821\" class=\"wp-image-4821\" src=\"..\/wp-content\/uploads\/2026\/01\/CL-YouTube-1030x580.png\" alt=\"\" width=\"750\" height=\"422\" srcset=\"https:\/\/wwtec-solutions.de\/wp-content\/uploads\/2026\/01\/CL-YouTube-1030x580.png 1030w, https:\/\/wwtec-solutions.de\/wp-content\/uploads\/2026\/01\/CL-YouTube-300x169.png 300w, https:\/\/wwtec-solutions.de\/wp-content\/uploads\/2026\/01\/CL-YouTube-768x432.png 768w, https:\/\/wwtec-solutions.de\/wp-content\/uploads\/2026\/01\/CL-YouTube-705x397.png 705w, https:\/\/wwtec-solutions.de\/wp-content\/uploads\/2026\/01\/CL-YouTube.png 1338w\" sizes=\"auto, (max-width: 750px) 100vw, 750px\" \/><\/a><p id=\"caption-attachment-4821\" class=\"wp-caption-text\"><a href=\"https:\/\/youtu.be\/AZ941O-ZzLc?si=0ITrOiwBfDoAXxqY\">Video bei YouTube<\/a> (beim Aufruf werden Tracking Cookies gesetzt, siehe <a href=\"https:\/\/wwtec-solutions.de\/en\/privacy-policy\/\">Datenschutzerkl\u00e4rung<\/a>)<\/p><\/div>\n<p>Ein voll ATEX-zertifiziertes, staubdichtes Ladesystem, das Pulver pneumatisch direkt vom LagerSilo in den Container f\u00f6rdert. Mit Stickstoff im geschlossenen Kreislauf gew\u00e4hrleistet es sowohl Sicherheit als auch Effizienz. Sensoren u\u0308berwachen jeden Schritt, passen den Prozess automatisch an und stoppen, sobald das gewu\u0308nschte Beladegewicht des Seecontainers erreicht ist.<\/p>\n<\/div><\/section><\/p><\/div>\n\n<style type=\"text\/css\" data-created_by=\"avia_inline_auto\" id=\"style-css-av-8ducp-2ed6a36472767af12c513e8fa7a96386\">\n#top .flex_column.av-8ducp-2ed6a36472767af12c513e8fa7a96386{\nmargin-top:-100px;\nmargin-bottom:0px;\n}\n.flex_column.av-8ducp-2ed6a36472767af12c513e8fa7a96386{\npadding:100px 40px 130px 40px;\nbackground-color:#ffffff;\n}\n.flex_column.av-8ducp-2ed6a36472767af12c513e8fa7a96386 .avia-divider-svg-bottom svg{\nheight:100px;\nfill:#f7f7f7;\n}\n.responsive #top #wrap_all .flex_column.av-8ducp-2ed6a36472767af12c513e8fa7a96386{\nmargin-top:-100px;\nmargin-bottom:0px;\n}\n<\/style>\n<div  class='flex_column av-8ducp-2ed6a36472767af12c513e8fa7a96386 av_one_full  avia-builder-el-18  el_after_av_one_full  avia-builder-el-last  first flex_column_div  column-top-margin'     ><div class='avia-divider-svg avia-divider-svg-tilt avia-divider-svg-bottom avia-flipped-svg avia-svg-original'><svg xmlns=\"http:\/\/www.w3.org\/2000\/svg\" viewBox=\"0 0 1000 100\" preserveAspectRatio=\"none\">\n\t<path d=\"M0,6V0h1000v100L0,6z\"\/>\n<\/svg><\/div><p>\n<style type=\"text\/css\" data-created_by=\"avia_inline_auto\" id=\"style-css-av-mk88opdy-0189c45770c009719898fcb37ac10c1e\">\n#top .av-special-heading.av-mk88opdy-0189c45770c009719898fcb37ac10c1e{\nmargin:50px 0 50px 0;\npadding-bottom:10px;\n}\nbody .av-special-heading.av-mk88opdy-0189c45770c009719898fcb37ac10c1e .av-special-heading-tag .heading-char{\nfont-size:25px;\n}\n.av-special-heading.av-mk88opdy-0189c45770c009719898fcb37ac10c1e .av-subheading{\nfont-size:20px;\n}\n<\/style>\n<div  class='av-special-heading av-mk88opdy-0189c45770c009719898fcb37ac10c1e av-special-heading-h3 blockquote modern-quote  avia-builder-el-19  el_before_av_textblock  avia-builder-el-first '><h3 class='av-special-heading-tag '  itemprop=\"headline\"  >The largest ATEX robot vacuum in the world<\/h3><div class=\"special-heading-border\"><div class=\"special-heading-inner-border\"><\/div><\/div><\/div><br \/>\n<section  class='av_textblock_section av-mk88pm6h-4cdbd347f37d9be731e8fcb2265ff404 '   itemscope=\"itemscope\" itemtype=\"https:\/\/schema.org\/CreativeWork\" ><div class='avia_textblock yt'  itemprop=\"text\" ><div id=\"attachment_4818\" style=\"width: 760px\" class=\"wp-caption alignleft\"><a href=\"https:\/\/www.youtube.com\/watch?v=JdG1-5R0JYQ?si=XUKESUDI4nUy2Wzj\" target=\"_blank\" rel=\"noopener\"><img loading=\"lazy\" decoding=\"async\" aria-describedby=\"caption-attachment-4818\" class=\"wp-image-4818\" src=\"..\/wp-content\/uploads\/2026\/01\/Vaccuum-300x169.png\" alt=\"\" width=\"750\" height=\"422\" srcset=\"https:\/\/wwtec-solutions.de\/wp-content\/uploads\/2026\/01\/Vaccuum-300x169.png 300w, https:\/\/wwtec-solutions.de\/wp-content\/uploads\/2026\/01\/Vaccuum-1030x580.png 1030w, https:\/\/wwtec-solutions.de\/wp-content\/uploads\/2026\/01\/Vaccuum-768x432.png 768w, https:\/\/wwtec-solutions.de\/wp-content\/uploads\/2026\/01\/Vaccuum-705x397.png 705w, https:\/\/wwtec-solutions.de\/wp-content\/uploads\/2026\/01\/Vaccuum.png 1338w\" sizes=\"auto, (max-width: 750px) 100vw, 750px\" \/><\/a><p id=\"caption-attachment-4818\" class=\"wp-caption-text\"><a href=\"https:\/\/youtu.be\/JdG1-5R0JYQ?si=XUKESUDI4nUy2Wzj\">Video bei YouTube<\/a> (beim Aufruf werden Tracking Cookies gesetzt, siehe <a href=\"..\/datenschutzerklaerung\/\">Datenschutzerkl\u00e4rung<\/a>)<\/p><\/div>\n<p>Fu\u0308r das sichere Verladen von explosionsf\u00e4higem Schu\u0308ttgut wurde eine voll ATEX-zertifizierte, autarke Vakuumf\u00f6rderl\u00f6sung entwickelt. Ein ferngesteuerter Roboter saugt das Material aus Lagerhallen ab.<\/p>\n<p>Die modulare Containeranlage f\u00f6rdert das Material staubdicht und sicher direkt in Silofahrzeuge. Dank der Containerbauweise bleibt die Anlage mobil und ist an verschiedenen Positionen am Standort einsetzbar.<\/p>\n<\/div><\/section><\/p><\/div>\n","protected":false},"excerpt":{"rendered":"","protected":false},"author":1,"featured_media":0,"parent":2993,"menu_order":0,"comment_status":"closed","ping_status":"closed","template":"","meta":{"footnotes":""},"class_list":["post-3006","page","type-page","status-publish","hentry"],"_links":{"self":[{"href":"https:\/\/wwtec-solutions.de\/en\/wp-json\/wp\/v2\/pages\/3006","targetHints":{"allow":["GET"]}}],"collection":[{"href":"https:\/\/wwtec-solutions.de\/en\/wp-json\/wp\/v2\/pages"}],"about":[{"href":"https:\/\/wwtec-solutions.de\/en\/wp-json\/wp\/v2\/types\/page"}],"author":[{"embeddable":true,"href":"https:\/\/wwtec-solutions.de\/en\/wp-json\/wp\/v2\/users\/1"}],"replies":[{"embeddable":true,"href":"https:\/\/wwtec-solutions.de\/en\/wp-json\/wp\/v2\/comments?post=3006"}],"version-history":[{"count":11,"href":"https:\/\/wwtec-solutions.de\/en\/wp-json\/wp\/v2\/pages\/3006\/revisions"}],"predecessor-version":[{"id":3436,"href":"https:\/\/wwtec-solutions.de\/en\/wp-json\/wp\/v2\/pages\/3006\/revisions\/3436"}],"up":[{"embeddable":true,"href":"https:\/\/wwtec-solutions.de\/en\/wp-json\/wp\/v2\/pages\/2993"}],"wp:attachment":[{"href":"https:\/\/wwtec-solutions.de\/en\/wp-json\/wp\/v2\/media?parent=3006"}],"curies":[{"name":"wp","href":"https:\/\/api.w.org\/{rel}","templated":true}]}}