{"id":2997,"date":"2022-04-11T16:29:00","date_gmt":"2022-04-11T14:29:00","guid":{"rendered":"https:\/\/wwtec-solutions.de\/imprint\/"},"modified":"2023-04-18T10:27:19","modified_gmt":"2023-04-18T08:27:19","slug":"imprint","status":"publish","type":"page","link":"https:\/\/wwtec-solutions.de\/en\/imprint\/","title":{"rendered":"Imprint"},"content":{"rendered":"\n<style type=\"text\/css\" data-created_by=\"avia_inline_auto\" id=\"style-css-av-l1syayne-2944a1cd7328f98d9b98ba82d2bd59b1\">\n.avia-section.av-l1syayne-2944a1cd7328f98d9b98ba82d2bd59b1{\nbackground-repeat:no-repeat;\nbackground-image:url(https:\/\/wwtec-solutions.de\/wp-content\/uploads\/2022\/02\/VorteileHeader-AdobeStock_325399959.jpg);\nbackground-position:50% 50%;\nbackground-attachment:scroll;\n}\n<\/style>\n<div id='av_section_1'  class='avia-section av-l1syayne-2944a1cd7328f98d9b98ba82d2bd59b1 main_color avia-section-default avia-no-border-styling  avia-builder-el-0  el_before_av_one_half  avia-builder-el-first  avia-full-stretch avia-bg-style-scroll av-minimum-height av-minimum-height-custom av-height-custom  container_wrap fullsize'  data-section-bg-repeat='stretch' data-av_minimum_height_px='400'><div class='container av-section-cont-open' style='height:400px'><main  role=\"main\" itemprop=\"mainContentOfPage\"  class='template-page content  av-content-full alpha units'><div class='post-entry post-entry-type-page post-entry-2997'><div class='entry-content-wrapper clearfix'>\n\n<style type=\"text\/css\" data-created_by=\"avia_inline_auto\" id=\"style-css-av-l1syak24-53c98aad7992e7909a63f4bced95396e\">\n#top .av-special-heading.av-l1syak24-53c98aad7992e7909a63f4bced95396e{\npadding-bottom:10px;\n}\nbody .av-special-heading.av-l1syak24-53c98aad7992e7909a63f4bced95396e .av-special-heading-tag .heading-char{\nfont-size:25px;\n}\n#top #wrap_all .av-special-heading.av-l1syak24-53c98aad7992e7909a63f4bced95396e .av-special-heading-tag{\npadding:10px 20px 10px 20px;\n}\n.av-special-heading.av-l1syak24-53c98aad7992e7909a63f4bced95396e .av-subheading{\nfont-size:15px;\n}\n<\/style>\n<div  class='av-special-heading av-l1syak24-53c98aad7992e7909a63f4bced95396e av-special-heading-h1 blockquote modern-quote modern-centered  avia-builder-el-1  avia-builder-el-no-sibling  wwtec-heading'><h1 class='av-special-heading-tag '  itemprop=\"headline\"  >Impressum<\/h1><div class=\"special-heading-border\"><div class=\"special-heading-inner-border\"><\/div><\/div><\/div>\n<\/div><\/div><\/main><!-- close content main element --><\/div><\/div><div id='after_section_1'  class='main_color av_default_container_wrap container_wrap fullsize'  ><div class='container av-section-cont-open' ><div class='template-page content  av-content-full alpha units'><div class='post-entry post-entry-type-page post-entry-2997'><div class='entry-content-wrapper clearfix'>\n<div class='flex_column_table av-5j0tua-9eba3dfa407cfff6401a621e7e895d1d sc-av_one_half av-equal-height-column-flextable'>\n<style type=\"text\/css\" data-created_by=\"avia_inline_auto\" id=\"style-css-av-5j0tua-9eba3dfa407cfff6401a621e7e895d1d\">\n#top .flex_column_table.av-equal-height-column-flextable.av-5j0tua-9eba3dfa407cfff6401a621e7e895d1d{\nmargin-top:0px;\nmargin-bottom:0px;\n}\n.flex_column.av-5j0tua-9eba3dfa407cfff6401a621e7e895d1d{\npadding:50px 40px 50px 40px;\nbackground-color:#ffffff;\n}\n<\/style>\n<div  class='flex_column av-5j0tua-9eba3dfa407cfff6401a621e7e895d1d av_one_half  avia-builder-el-2  el_after_av_section  el_before_av_one_half  avia-builder-el-first  first no_margin flex_column_table_cell av-equal-height-column av-align-top  '     ><section  class='av_textblock_section av-3216hh-6762f34a90e2d889bcf7997d7fc51ffd '   itemscope=\"itemscope\" itemtype=\"https:\/\/schema.org\/CreativeWork\" ><div class='avia_textblock'  itemprop=\"text\" ><div class=\"ce_text_extented autogrid-id_52577 autogrid-type_cte autogrid-first n2 one_half autogrid_mode_auto autogrid first block align-left color-default font_no_serif font-size-xxs font-style-default lh-default font-weight-default mt-default mb-default mt-default-s mt-default-s\">\n<div class=\"ce_textarea attribute textarea\">\n<div class=\"siteorigin-widget-tinymce textwidget\">\n<p class=\"contentheading\"><strong>Angaben gem\u00e4\u00df \u00a7 5 TMG:<\/strong><\/p>\n<p>WWTec GmbH &amp; Co. KG<br \/>\n<span class=\"adr-direction\"><span class=\"str-address\">In den Erlen 8 <\/span> <\/span> <span class=\"postal-code\"><br \/>\n56206 <\/span> <span class=\"address-locality\">Hilgert<\/span><\/p>\n<p><strong>B\u00fcro und Betriebsst\u00e4tte<br \/>\n<\/strong><span class=\"adr-direction\"><span class=\"str-address\">In den Erlen 8 <\/span> <\/span> <span class=\"postal-code\"><br \/>\n56206 <\/span> <span class=\"address-locality\">Hilgert<\/span><\/p>\n<p><strong>Vertreten durch:<\/strong><br \/>\nGesch\u00e4ftsf\u00fchrer: Lars Hanses<\/p>\n<p><strong>Kontakt:<\/strong><br \/>\nTelefon: +49 (0) 2624 94 370 44<br \/>\nFax: +49 (0) 2624 94 370 48<br \/>\nE-Mail: <a href=\"mailto:info@hvdgroup.de\">info@hvdgroup.de<\/a><\/p>\n<p><strong>Registereintrag:<\/strong><br \/>\nEintragung im Handelsregister<br \/>\nRegistergericht:\u00a0Amtsgericht Montabaur<br \/>\nRegisternummer: HRA 20988<\/p>\n<p><strong>Umsatzsteuer:<\/strong><br \/>\nUmsatzsteuer-Identifikationsnummer gem\u00e4\u00df \u00a727 a Umsatzsteuergesetz:<br \/>\n<em>DE274212625<\/em><\/p>\n<p><strong>Streitschlichtung<\/strong><br \/>\nDie Europ\u00e4ische Kommission stellt eine Plattform zur Online-Streitbeilegung (OS) bereit: https:\/\/ec.europa.eu\/consumers\/odr.<br \/>\nUnsere E-Mail-Adresse finden Sie oben im Impressum.<br \/>\nWir sind nicht bereit oder verpflichtet, an Streitbeilegungsverfahren vor einer Verbraucherschlichtungsstelle teilzunehmen.<\/p>\n<\/div>\n<\/div>\n<\/div>\n<\/div><\/section><\/div>\n<style type=\"text\/css\" data-created_by=\"avia_inline_auto\" id=\"style-css-av-43uu42-9ea75c1b37adb1b56d0183800674adde\">\n#top .flex_column_table.av-equal-height-column-flextable.av-43uu42-9ea75c1b37adb1b56d0183800674adde{\nmargin-top:0px;\nmargin-bottom:0px;\n}\n.flex_column.av-43uu42-9ea75c1b37adb1b56d0183800674adde{\npadding:50px 40px 50px 40px;\nbackground-color:#ffffff;\n}\n<\/style>\n<div  class='flex_column av-43uu42-9ea75c1b37adb1b56d0183800674adde av_one_half  avia-builder-el-4  el_after_av_one_half  el_before_av_one_full  no_margin flex_column_table_cell av-equal-height-column av-align-top  '     ><section  class='av_textblock_section av-l1uhlrs3-b97f845df06a5654f987491ab7cc3f58 '   itemscope=\"itemscope\" itemtype=\"https:\/\/schema.org\/CreativeWork\" ><div class='avia_textblock'  itemprop=\"text\" ><div class=\"ce_text_extented autogrid-id_52577 autogrid-type_cte autogrid-first n2 one_half autogrid_mode_auto autogrid first block align-left color-default font_no_serif font-size-xxs font-style-default lh-default font-weight-default mt-default mb-default mt-default-s mt-default-s\">\n<section class=\"ce_accordionSingle font-size-xxs ce_accordion ce_text block\">\n<div class=\"toggler\"><strong>Haftung f\u00fcr Inhalte<\/strong><\/div>\n<div class=\"accordion\">\n<div>\n<p>Als Diensteanbieter sind wir gem\u00e4\u00df \u00a7 7 Abs.1 TMG f\u00fcr eigene Inhalte auf diesen Seiten nach den allgemeinen Gesetzen verantwortlich. Nach \u00a7\u00a7 8 bis 10 TMG sind wir als Diensteanbieter jedoch nicht verpflichtet, \u00fcbermittelte oder gespeicherte fremde Informationen zu \u00fcberwachen oder nach Umst\u00e4nden zu forschen, die auf eine rechtswidrige T\u00e4tigkeit hinweisen.<br \/>\nVerpflichtungen zur Entfernung oder Sperrung der Nutzung von Informationen nach den allgemeinen Gesetzen bleiben hiervon unber\u00fchrt. Eine diesbez\u00fcgliche Haftung ist jedoch erst ab dem Zeitpunkt der Kenntnis einer konkreten Rechtsverletzung m\u00f6glich. Bei Bekanntwerden von entsprechenden Rechtsverletzungen werden wir diese Inhalte umgehend entfernen.<\/p>\n<\/div>\n<\/div>\n<\/section>\n<section class=\"ce_accordionSingle font-size-xxs ce_accordion ce_text block\">\n<div class=\"toggler\"><strong>Haftung f\u00fcr Links<\/strong><\/div>\n<div class=\"accordion\">\n<div>\n<p>Unser Angebot enth\u00e4lt Links zu externen Websites Dritter, auf deren Inhalte wir keinen Einfluss haben. Deshalb k\u00f6nnen wir f\u00fcr diese fremden Inhalte auch keine Gew\u00e4hr \u00fcbernehmen. F\u00fcr die Inhalte der verlinkten Seiten ist stets der jeweilige Anbieter oder Betreiber der Seiten verantwortlich. Die verlinkten Seiten wurden zum Zeitpunkt der Verlinkung auf m\u00f6gliche Rechtsverst\u00f6\u00dfe \u00fcberpr\u00fcft. Rechtswidrige Inhalte waren zum Zeitpunkt der Verlinkung nicht erkennbar.<br \/>\nEine permanente inhaltliche Kontrolle der verlinkten Seiten ist jedoch ohne konkrete Anhaltspunkte einer Rechtsverletzung nicht zumutbar. Bei Bekanntwerden von Rechtsverletzungen werden wir derartige Links umgehend entfernen.<\/p>\n<\/div>\n<\/div>\n<\/section>\n<section class=\"ce_accordionSingle font-size-xxs last ce_accordion ce_text block\">\n<div class=\"toggler\"><strong>Urheberrecht<\/strong><\/div>\n<div class=\"accordion\">\n<div>\n<p>Die durch die Seitenbetreiber erstellten Inhalte und Werke auf diesen Seiten unterliegen dem deutschen Urheberrecht. Die Vervielf\u00e4ltigung, Bearbeitung, Verbreitung und jede Art der Verwertung au\u00dferhalb der Grenzen des Urheberrechtes bed\u00fcrfen der schriftlichen Zustimmung des jeweiligen Autors bzw. Erstellers. Downloads und Kopien dieser Seite sind nur f\u00fcr den privaten, nicht kommerziellen Gebrauch gestattet.<br \/>\nSoweit die Inhalte auf dieser Seite nicht vom Betreiber erstellt wurden, werden die Urheberrechte Dritter beachtet. Insbesondere werden Inhalte Dritter als solche gekennzeichnet. Sollten Sie trotzdem auf eine Urheberrechtsverletzung aufmerksam werden, bitten wir um einen entsprechenden Hinweis. Bei Bekanntwerden von Rechtsverletzungen werden wir derartige Inhalte umgehend entfernen.<\/p>\n<\/div>\n<\/div>\n<\/section>\n<\/div>\n<\/div><\/section><\/div><\/div><!--close column table wrapper. Autoclose: 1 --><\/p>\n\n<style type=\"text\/css\" data-created_by=\"avia_inline_auto\" id=\"style-css-av-2wfh8y-a8ffac4f53e8cbad72bb090e42a7a56e\">\n#top .flex_column.av-2wfh8y-a8ffac4f53e8cbad72bb090e42a7a56e{\nmargin-top:0px;\nmargin-bottom:0px;\n}\n.flex_column.av-2wfh8y-a8ffac4f53e8cbad72bb090e42a7a56e{\npadding:50px 40px 50px 40px;\nbackground-color:#ffffff;\n}\n.responsive #top #wrap_all .flex_column.av-2wfh8y-a8ffac4f53e8cbad72bb090e42a7a56e{\nmargin-top:0px;\nmargin-bottom:0px;\n}\n<\/style>\n<div  class='flex_column av-2wfh8y-a8ffac4f53e8cbad72bb090e42a7a56e av_one_full  avia-builder-el-6  el_after_av_one_half  avia-builder-el-last  first flex_column_div  column-top-margin'     ><\/div>\n","protected":false},"excerpt":{"rendered":"","protected":false},"author":2,"featured_media":0,"parent":0,"menu_order":0,"comment_status":"closed","ping_status":"closed","template":"","meta":{"footnotes":""},"class_list":["post-2997","page","type-page","status-publish","hentry"],"_links":{"self":[{"href":"https:\/\/wwtec-solutions.de\/en\/wp-json\/wp\/v2\/pages\/2997","targetHints":{"allow":["GET"]}}],"collection":[{"href":"https:\/\/wwtec-solutions.de\/en\/wp-json\/wp\/v2\/pages"}],"about":[{"href":"https:\/\/wwtec-solutions.de\/en\/wp-json\/wp\/v2\/types\/page"}],"author":[{"embeddable":true,"href":"https:\/\/wwtec-solutions.de\/en\/wp-json\/wp\/v2\/users\/2"}],"replies":[{"embeddable":true,"href":"https:\/\/wwtec-solutions.de\/en\/wp-json\/wp\/v2\/comments?post=2997"}],"version-history":[{"count":9,"href":"https:\/\/wwtec-solutions.de\/en\/wp-json\/wp\/v2\/pages\/2997\/revisions"}],"predecessor-version":[{"id":3992,"href":"https:\/\/wwtec-solutions.de\/en\/wp-json\/wp\/v2\/pages\/2997\/revisions\/3992"}],"wp:attachment":[{"href":"https:\/\/wwtec-solutions.de\/en\/wp-json\/wp\/v2\/media?parent=2997"}],"curies":[{"name":"wp","href":"https:\/\/api.w.org\/{rel}","templated":true}]}}